{"id":1196,"date":"2020-04-12T20:32:13","date_gmt":"2020-04-12T20:32:13","guid":{"rendered":"https:\/\/kingdesign-architecte.com\/?page_id=1196"},"modified":"2020-05-24T01:10:58","modified_gmt":"2020-05-24T01:10:58","slug":"visite-360","status":"publish","type":"page","link":"https:\/\/kingdesign-architecte.com\/?page_id=1196","title":{"rendered":"Visite 360\u00b0"},"content":{"rendered":"<blockquote>\n<p>Une vue panoramique \u00e0 360\u00b0 de votre future d\u00e9co<\/p>\n<p>Pour vous plonger en totale immersion dans votre futur int\u00e9rieur r\u00e9-d\u00e9cor\u00e9<\/p>\n<\/blockquote>\n\n\n<figure style=\"height:500px\" class=\"wp-block-cgb-block-algori-360-image alignfull\"><a-scene loading-screen=\"enabled: false;\" embedded=\"\"><a-entity camera=\"\" look-controls=\"reverseMouseDrag: true\"><\/a-entity><a-sky src=\"https:\/\/kingdesign-architecte.com\/wp-content\/uploads\/2020\/05\/num01.origRGB.0000-3-scaled.jpg\"><\/a-sky><\/a-scene><\/figure>\n\n\n\n<figure style=\"height:500px\" class=\"wp-block-cgb-block-algori-360-image alignfull\"><a-scene loading-screen=\"enabled: false;\" embedded=\"\"><a-entity camera=\"\" look-controls=\"reverseMouseDrag: true\"><\/a-entity><a-sky src=\"https:\/\/kingdesign-architecte.com\/wp-content\/uploads\/2020\/05\/num01.origRGB.0000-1-scaled.jpg\"><\/a-sky><\/a-scene><\/figure>\n\n\n\n<figure style=\"height:500px\" class=\"wp-block-cgb-block-algori-360-image alignfull\"><a-scene loading-screen=\"enabled: false;\" embedded=\"\"><a-entity camera=\"\" look-controls=\"reverseMouseDrag: true\"><\/a-entity><a-sky src=\"https:\/\/kingdesign-architecte.com\/wp-content\/uploads\/2020\/05\/030320-scaled.jpg\"><\/a-sky><\/a-scene><\/figure>\n\n\n\n<figure style=\"height:500px\" class=\"wp-block-cgb-block-algori-360-image alignfull\"><a-scene loading-screen=\"enabled: false;\" embedded=\"\"><a-entity camera=\"\" look-controls=\"reverseMouseDrag: true\"><\/a-entity><a-sky src=\"https:\/\/kingdesign-architecte.com\/wp-content\/uploads\/2020\/05\/DOUCHEV2.jpg\"><\/a-sky><\/a-scene><\/figure>\n\n\n\n<figure style=\"height:500px\" class=\"wp-block-cgb-block-algori-360-image alignfull\"><a-scene loading-screen=\"enabled: false;\" embedded=\"\"><a-entity camera=\"\" look-controls=\"reverseMouseDrag: true\"><\/a-entity><a-sky src=\"https:\/\/kingdesign-architecte.com\/wp-content\/uploads\/2020\/05\/0256-scaled.jpg\"><\/a-sky><\/a-scene><\/figure>\n\n\n\n<figure style=\"height:500px\" class=\"wp-block-cgb-block-algori-360-image alignfull\"><a-scene loading-screen=\"enabled: false;\" embedded=\"\"><a-entity camera=\"\" look-controls=\"reverseMouseDrag: true\"><\/a-entity><a-sky src=\"https:\/\/kingdesign-architecte.com\/wp-content\/uploads\/2020\/05\/10-Hall-Dentre\u0301e-scaled.jpg\"><\/a-sky><\/a-scene><\/figure>\n\n\n\n<figure style=\"height:500px\" class=\"wp-block-cgb-block-algori-360-image alignfull\"><a-scene loading-screen=\"enabled: false;\" embedded=\"\"><a-entity camera=\"\" look-controls=\"reverseMouseDrag: true\"><\/a-entity><a-sky src=\"https:\/\/kingdesign-architecte.com\/wp-content\/uploads\/2020\/05\/06-scaled.jpg\"><\/a-sky><\/a-scene><\/figure>\n\n\n\n<figure style=\"height:500px\" class=\"wp-block-cgb-block-algori-360-image alignfull\"><a-scene loading-screen=\"enabled: false;\" embedded=\"\"><a-entity camera=\"\" look-controls=\"reverseMouseDrag: true\"><\/a-entity><a-sky src=\"https:\/\/kingdesign-architecte.com\/wp-content\/uploads\/2020\/05\/05-scaled.jpg\"><\/a-sky><\/a-scene><\/figure>\n\n\n\n<figure style=\"height:500px\" class=\"wp-block-cgb-block-algori-360-image alignfull\"><a-scene loading-screen=\"enabled: false;\" embedded=\"\"><a-entity camera=\"\" look-controls=\"reverseMouseDrag: true\"><\/a-entity><a-sky src=\"https:\/\/kingdesign-architecte.com\/wp-content\/uploads\/2020\/05\/03-scaled.jpg\"><\/a-sky><\/a-scene><\/figure>\n\n\n\n<figure style=\"height:500px\" class=\"wp-block-cgb-block-algori-360-image alignfull\"><a-scene loading-screen=\"enabled: false;\" embedded=\"\"><a-entity camera=\"\" look-controls=\"reverseMouseDrag: true\"><\/a-entity><a-sky src=\"https:\/\/kingdesign-architecte.com\/wp-content\/uploads\/2020\/05\/02-1-scaled.jpg\"><\/a-sky><\/a-scene><\/figure>\n\n\n\n<figure style=\"height:500px\" class=\"wp-block-cgb-block-algori-360-image alignfull\"><a-scene loading-screen=\"enabled: false;\" embedded=\"\"><a-entity camera=\"\" look-controls=\"reverseMouseDrag: true\"><\/a-entity><a-sky src=\"https:\/\/kingdesign-architecte.com\/wp-content\/uploads\/2020\/05\/01-1-scaled.jpg\"><\/a-sky><\/a-scene><\/figure>\n\n\n\n<figure style=\"height:500px\" class=\"wp-block-cgb-block-algori-360-image alignfull\"><a-scene loading-screen=\"enabled: false;\" embedded=\"\"><a-entity camera=\"\" look-controls=\"reverseMouseDrag: true\"><\/a-entity><a-sky src=\"https:\/\/kingdesign-architecte.com\/wp-content\/uploads\/2020\/04\/zumba-scaled.jpg\"><\/a-sky><\/a-scene><\/figure>\n\n\n\n<figure style=\"height:500px\" class=\"wp-block-cgb-block-algori-360-image alignfull\"><a-scene loading-screen=\"enabled: false;\" embedded=\"\"><a-entity camera=\"\" look-controls=\"reverseMouseDrag: true\"><\/a-entity><a-sky src=\"https:\/\/kingdesign-architecte.com\/wp-content\/uploads\/2020\/04\/arts-martiaux-01-scaled.jpg\"><\/a-sky><\/a-scene><\/figure>\n\n\n\n<figure style=\"height:500px\" class=\"wp-block-cgb-block-algori-360-image alignfull\"><a-scene loading-screen=\"enabled: false;\" embedded=\"\"><a-entity camera=\"\" look-controls=\"reverseMouseDrag: true\"><\/a-entity><a-sky src=\"https:\/\/kingdesign-architecte.com\/wp-content\/uploads\/2020\/04\/couloire-01-scaled.jpg\"><\/a-sky><\/a-scene><\/figure>\n\n\n\n<figure style=\"height:500px\" class=\"wp-block-cgb-block-algori-360-image alignfull\"><a-scene loading-screen=\"enabled: false;\" embedded=\"\"><a-entity camera=\"\" look-controls=\"reverseMouseDrag: true\"><\/a-entity><a-sky src=\"https:\/\/kingdesign-architecte.com\/wp-content\/uploads\/2020\/04\/musculation-mixe-02-scaled.jpg\"><\/a-sky><\/a-scene><\/figure>\n\n\n\n<figure style=\"height:500px\" class=\"wp-block-cgb-block-algori-360-image alignfull\"><a-scene loading-screen=\"enabled: false;\" embedded=\"\"><a-entity camera=\"\" look-controls=\"reverseMouseDrag: true\"><\/a-entity><a-sky src=\"https:\/\/kingdesign-architecte.com\/wp-content\/uploads\/2020\/04\/yoga-scaled.jpg\"><\/a-sky><\/a-scene><\/figure>\n\n\n\n<figure style=\"height:500px\" class=\"wp-block-cgb-block-algori-360-image alignfull\"><a-scene loading-screen=\"enabled: false;\" embedded=\"\"><a-entity camera=\"\" look-controls=\"reverseMouseDrag: true\"><\/a-entity><a-sky src=\"https:\/\/kingdesign-architecte.com\/wp-content\/uploads\/2020\/04\/zumba-scaled.jpg\"><\/a-sky><\/a-scene><\/figure>\n","protected":false},"excerpt":{"rendered":"<p>Une vue panoramique \u00e0 360\u00b0 de votre future d\u00e9co Pour vous plonger en totale immersion dans votre futur int\u00e9rieur r\u00e9-d\u00e9cor\u00e9<\/p>\n","protected":false},"author":1,"featured_media":0,"parent":0,"menu_order":0,"comment_status":"closed","ping_status":"closed","template":"","meta":{"footnotes":""},"class_list":["post-1196","page","type-page","status-publish","hentry"],"jetpack_sharing_enabled":true,"_links":{"self":[{"href":"https:\/\/kingdesign-architecte.com\/index.php?rest_route=\/wp\/v2\/pages\/1196","targetHints":{"allow":["GET"]}}],"collection":[{"href":"https:\/\/kingdesign-architecte.com\/index.php?rest_route=\/wp\/v2\/pages"}],"about":[{"href":"https:\/\/kingdesign-architecte.com\/index.php?rest_route=\/wp\/v2\/types\/page"}],"author":[{"embeddable":true,"href":"https:\/\/kingdesign-architecte.com\/index.php?rest_route=\/wp\/v2\/users\/1"}],"replies":[{"embeddable":true,"href":"https:\/\/kingdesign-architecte.com\/index.php?rest_route=%2Fwp%2Fv2%2Fcomments&post=1196"}],"version-history":[{"count":10,"href":"https:\/\/kingdesign-architecte.com\/index.php?rest_route=\/wp\/v2\/pages\/1196\/revisions"}],"predecessor-version":[{"id":3132,"href":"https:\/\/kingdesign-architecte.com\/index.php?rest_route=\/wp\/v2\/pages\/1196\/revisions\/3132"}],"wp:attachment":[{"href":"https:\/\/kingdesign-architecte.com\/index.php?rest_route=%2Fwp%2Fv2%2Fmedia&parent=1196"}],"curies":[{"name":"wp","href":"https:\/\/api.w.org\/{rel}","templated":true}]}}