{"id":1315,"date":"2020-04-12T21:03:21","date_gmt":"2020-04-12T21:03:21","guid":{"rendered":"https:\/\/kingdesign-architecte.com\/?page_id=1315"},"modified":"2020-04-23T14:02:42","modified_gmt":"2020-04-23T14:02:42","slug":"site-vitrine","status":"publish","type":"page","link":"https:\/\/kingdesign-architecte.com\/?page_id=1315","title":{"rendered":"Site vitrine"},"content":{"rendered":"\t\t<div data-elementor-type=\"wp-page\" data-elementor-id=\"1315\" class=\"elementor elementor-1315\" data-elementor-settings=\"[]\">\n\t\t\t\t\t\t<div class=\"elementor-inner\">\n\t\t\t\t\t\t\t<div class=\"elementor-section-wrap\">\n\t\t\t\t\t\t\t<section class=\"elementor-section elementor-top-section elementor-element elementor-element-19d30c2 elementor-section-boxed elementor-section-height-default elementor-section-height-default\" data-id=\"19d30c2\" data-element_type=\"section\">\n\t\t\t\t\t\t<div class=\"elementor-container elementor-column-gap-default\">\n\t\t\t\t\t\t\t<div class=\"elementor-row\">\n\t\t\t\t\t<div class=\"elementor-column elementor-col-50 elementor-top-column elementor-element elementor-element-f29227f\" data-id=\"f29227f\" data-element_type=\"column\">\n\t\t\t<div class=\"elementor-column-wrap elementor-element-populated\">\n\t\t\t\t\t\t\t<div class=\"elementor-widget-wrap\">\n\t\t\t\t\t\t<div class=\"elementor-element elementor-element-8050121 elementor-widget elementor-widget-text-editor\" data-id=\"8050121\" data-element_type=\"widget\" data-widget_type=\"text-editor.default\">\n\t\t\t\t<div class=\"elementor-widget-container\">\n\t\t\t\t\t<div class=\"elementor-text-editor elementor-clearfix\"><div class=\"wpb_text_column wpb_content_element \" data-animation-delay=\"0\"><div class=\"wpb_wrapper\"><span class=\"et-font-size\" data-fontsize=\"17px\" data-lineheight=\"32px\">Vous \u00eates une entreprise, un commer\u00e7ant ou un artiste ? Vous souhaitez une visibilit\u00e9 sur internet avec une page web ?<\/span><p>Le pack cr\u00e9ation de site internet page web professionnel correspond \u00e0 vos besoins ! Il comprend une landing page professionnelle pr\u00e9sentant votre activit\u00e9 sur 1 page web mobile, un nom de domaine, un h\u00e9bergement complet, des adresses emails, des services et une \u00e9quipe d\u00e9di\u00e9e Screenday qui assure un travail de qualit\u00e9, aux normes et standards de d\u00e9veloppement de cr\u00e9ation web en suivant un cahier des charges bien pr\u00e9cis.<\/p><\/div><\/div><div class=\"wpb_text_column wpb_content_element \" data-animation-delay=\"0\"><div class=\"wpb_wrapper\"><p>\u00a0<\/p><\/div><\/div><\/div>\n\t\t\t\t<\/div>\n\t\t\t\t<\/div>\n\t\t\t\t\t\t<\/div>\n\t\t\t\t\t<\/div>\n\t\t<\/div>\n\t\t\t\t<div class=\"elementor-column elementor-col-50 elementor-top-column elementor-element elementor-element-a06cf49\" data-id=\"a06cf49\" data-element_type=\"column\">\n\t\t\t<div class=\"elementor-column-wrap elementor-element-populated\">\n\t\t\t\t\t\t\t<div class=\"elementor-widget-wrap\">\n\t\t\t\t\t\t<div class=\"elementor-element elementor-element-28bd90f elementor-widget elementor-widget-image\" data-id=\"28bd90f\" data-element_type=\"widget\" data-widget_type=\"image.default\">\n\t\t\t\t<div class=\"elementor-widget-container\">\n\t\t\t\t\t<div class=\"elementor-image\">\n\t\t\t\t\t\t\t\t\t\t<img loading=\"lazy\" decoding=\"async\" width=\"626\" height=\"626\" src=\"https:\/\/kingdesign-architecte.com\/wp-content\/uploads\/2020\/04\/modern-web-design-concept-with-flat-style_23-2147935005.jpg\" class=\"attachment-large size-large\" alt=\"\" srcset=\"https:\/\/kingdesign-architecte.com\/wp-content\/uploads\/2020\/04\/modern-web-design-concept-with-flat-style_23-2147935005.jpg 626w, https:\/\/kingdesign-architecte.com\/wp-content\/uploads\/2020\/04\/modern-web-design-concept-with-flat-style_23-2147935005-300x300.jpg 300w, https:\/\/kingdesign-architecte.com\/wp-content\/uploads\/2020\/04\/modern-web-design-concept-with-flat-style_23-2147935005-150x150.jpg 150w, https:\/\/kingdesign-architecte.com\/wp-content\/uploads\/2020\/04\/modern-web-design-concept-with-flat-style_23-2147935005-460x460.jpg 460w\" sizes=\"auto, (max-width: 626px) 100vw, 626px\" \/>\t\t\t\t\t\t\t\t\t\t\t<\/div>\n\t\t\t\t<\/div>\n\t\t\t\t<\/div>\n\t\t\t\t\t\t<\/div>\n\t\t\t\t\t<\/div>\n\t\t<\/div>\n\t\t\t\t\t\t\t\t<\/div>\n\t\t\t\t\t<\/div>\n\t\t<\/section>\n\t\t\t\t<section class=\"elementor-section elementor-top-section elementor-element elementor-element-27b36a6 elementor-section-boxed elementor-section-height-default elementor-section-height-default\" data-id=\"27b36a6\" data-element_type=\"section\">\n\t\t\t\t\t\t<div class=\"elementor-container elementor-column-gap-default\">\n\t\t\t\t\t\t\t<div class=\"elementor-row\">\n\t\t\t\t\t<div class=\"elementor-column elementor-col-100 elementor-top-column elementor-element elementor-element-3331d5b\" data-id=\"3331d5b\" data-element_type=\"column\">\n\t\t\t<div class=\"elementor-column-wrap elementor-element-populated\">\n\t\t\t\t\t\t\t<div class=\"elementor-widget-wrap\">\n\t\t\t\t\t\t<div class=\"elementor-element elementor-element-cd92b32 elementor-widget elementor-widget-text-editor\" data-id=\"cd92b32\" data-element_type=\"widget\" data-widget_type=\"text-editor.default\">\n\t\t\t\t<div class=\"elementor-widget-container\">\n\t\t\t\t\t<div class=\"elementor-text-editor elementor-clearfix\"><div class=\"wpb_text_column wpb_content_element \" data-animation-delay=\"0\"><div class=\"wpb_wrapper\"><div class=\"wpb_text_column wpb_content_element \" data-animation-delay=\"0\"><div class=\"wpb_wrapper\"><p>Offre sans engagement, sans abonnement ! Un conseiller personnel agence\u00a0 est l\u00e0 pour vous\u2026<\/p><p>La cr\u00e9ation de votre site e-commerce sera r\u00e9alis\u00e9e en votre nom : vous \u00eates propri\u00e9taire de votre site, toutes les licences \u00e9ventuelles sont contract\u00e9es en votre nom.<\/p><\/div><\/div><\/div><\/div><\/div>\n\t\t\t\t<\/div>\n\t\t\t\t<\/div>\n\t\t\t\t\t\t<\/div>\n\t\t\t\t\t<\/div>\n\t\t<\/div>\n\t\t\t\t\t\t\t\t<\/div>\n\t\t\t\t\t<\/div>\n\t\t<\/section>\n\t\t\t\t<section class=\"elementor-section elementor-top-section elementor-element elementor-element-5b3086f elementor-section-stretched elementor-section-boxed elementor-section-height-default elementor-section-height-default\" data-id=\"5b3086f\" data-element_type=\"section\" data-settings=\"{&quot;stretch_section&quot;:&quot;section-stretched&quot;}\">\n\t\t\t\t\t\t<div class=\"elementor-container elementor-column-gap-default\">\n\t\t\t\t\t\t\t<div class=\"elementor-row\">\n\t\t\t\t\t<div class=\"elementor-column elementor-col-100 elementor-top-column elementor-element elementor-element-403af01\" data-id=\"403af01\" data-element_type=\"column\">\n\t\t\t<div class=\"elementor-column-wrap elementor-element-populated\">\n\t\t\t\t\t\t\t<div class=\"elementor-widget-wrap\">\n\t\t\t\t\t\t<div class=\"elementor-element elementor-element-18b0680 elementor-widget elementor-widget-image\" data-id=\"18b0680\" data-element_type=\"widget\" data-widget_type=\"image.default\">\n\t\t\t\t<div class=\"elementor-widget-container\">\n\t\t\t\t\t<div class=\"elementor-image\">\n\t\t\t\t\t\t\t<figure class=\"wp-caption\">\n\t\t\t\t\t\t\t\t\t\t<img loading=\"lazy\" decoding=\"async\" width=\"626\" height=\"417\" src=\"https:\/\/kingdesign-architecte.com\/wp-content\/uploads\/2020\/04\/website-development-banner_33099-1687.jpg\" class=\"attachment-1536x1536 size-1536x1536\" alt=\"\" srcset=\"https:\/\/kingdesign-architecte.com\/wp-content\/uploads\/2020\/04\/website-development-banner_33099-1687.jpg 626w, https:\/\/kingdesign-architecte.com\/wp-content\/uploads\/2020\/04\/website-development-banner_33099-1687-300x200.jpg 300w, https:\/\/kingdesign-architecte.com\/wp-content\/uploads\/2020\/04\/website-development-banner_33099-1687-460x306.jpg 460w\" sizes=\"auto, (max-width: 626px) 100vw, 626px\" \/>\t\t\t\t\t\t\t\t\t\t\t<figcaption class=\"widget-image-caption wp-caption-text\"><\/figcaption>\n\t\t\t\t\t\t\t\t\t\t<\/figure>\n\t\t\t\t\t<\/div>\n\t\t\t\t<\/div>\n\t\t\t\t<\/div>\n\t\t\t\t\t\t<\/div>\n\t\t\t\t\t<\/div>\n\t\t<\/div>\n\t\t\t\t\t\t\t\t<\/div>\n\t\t\t\t\t<\/div>\n\t\t<\/section>\n\t\t\t\t<section class=\"elementor-section elementor-top-section elementor-element elementor-element-5132313 elementor-section-boxed elementor-section-height-default elementor-section-height-default\" data-id=\"5132313\" data-element_type=\"section\">\n\t\t\t\t\t\t<div class=\"elementor-container elementor-column-gap-default\">\n\t\t\t\t\t\t\t<div class=\"elementor-row\">\n\t\t\t\t\t<div class=\"elementor-column elementor-col-100 elementor-top-column elementor-element elementor-element-4fc8f33\" data-id=\"4fc8f33\" data-element_type=\"column\">\n\t\t\t<div class=\"elementor-column-wrap elementor-element-populated\">\n\t\t\t\t\t\t\t<div class=\"elementor-widget-wrap\">\n\t\t\t\t\t\t<div class=\"elementor-element elementor-element-a911536 elementor-widget elementor-widget-text-editor\" data-id=\"a911536\" data-element_type=\"widget\" data-widget_type=\"text-editor.default\">\n\t\t\t\t<div class=\"elementor-widget-container\">\n\t\t\t\t\t<div class=\"elementor-text-editor elementor-clearfix\"><div class=\"wpb_text_column wpb_content_element \" data-animation-delay=\"0\"><div class=\"wpb_wrapper\"><div class=\"wpb_text_column wpb_content_element \" data-animation-delay=\"0\"><div class=\"wpb_wrapper\"><div class=\"vc_tta-panel-heading\"><h3 class=\"vc_tta-panel-title vc_tta-controls-icon-position-left\"><span class=\"vc_tta-title-text\">Cr\u00e9ation de site web page web &#8211; Refonte site page web<\/span><\/h3><\/div><div class=\"vc_tta-panel-body\"><ul id=\"et-icon-list-92177\" class=\"et-icon-list small\"><li><div class=\"icon-wrap\"><div class=\"icon small\">Nombre de pages web : Illimit\u00e9es\u00a0<span style=\"font-size: 14.45px;\">R\u00e9alisation sur mesure blog d\u2019entreprise.<\/span><\/div><\/div><\/li><li><div class=\"icon-wrap\"><div class=\"icon small\">\u00a0<span style=\"font-size: 14.45px;\">Votre charte graphique personnalis\u00e9e suivant vos couleurs, votre logo,<\/span><\/div><\/div><\/li><li><div class=\"icon-wrap\"><div class=\"icon small\"><span style=\"font-size: 14.45px;\">vos textes contenus, vos photos\u2026<\/span><\/div><\/div><\/li><li><div class=\"icon-wrap\"><div class=\"icon small\">\u00a0<span style=\"font-size: 14.45px;\">Nombre d\u2019images\/ Photos Insertion Maximum: Illimit\u00e9es<\/span><\/div><\/div><\/li><li><div class=\"icon-wrap\"><div class=\"icon small\">\u00a0<span style=\"font-size: 14.45px;\">Votre charte graphique personnalis\u00e9e suivant vos couleurs, votre logo, vos textes contenus<\/span><\/div><\/div><\/li><li><div class=\"icon-wrap\"><div class=\"icon small\">\u00a0<span style=\"font-size: 14.45px;\">Votre formulaire de contact \u2013 Plan d\u2018acc\u00e8s Google Map<\/span><\/div><\/div><\/li><li><div class=\"icon-wrap\"><div class=\"icon small\">\u00a0<span style=\"font-size: 14.45px;\">Gestion du site internet e-commerce sur une interface d\u2019administration s\u00e9curis\u00e9e, de fa\u00e7on autonome. Editer, supprimer textes et photos sur votre site web n\u2019a jamais \u00e9t\u00e9 aussi facile.<\/span><\/div><\/div><\/li><li><div class=\"icon-wrap\"><div class=\"icon small\">\u00a0<span style=\"font-size: 14.45px;\">Langue suppl\u00e9mentaire:outille optional<\/span><\/div><\/div><\/li><li><div class=\"icon-wrap\"><div class=\"icon small\">\u00a0<span style=\"font-size: 14.45px;\">Propri\u00e9taire des codes sources de votre site internet sur mesure<\/span><\/div><\/div><\/li><\/ul><\/div><\/div><\/div><\/div><\/div><\/div>\n\t\t\t\t<\/div>\n\t\t\t\t<\/div>\n\t\t\t\t<div class=\"elementor-element elementor-element-fc1db17 elementor-widget elementor-widget-text-editor\" data-id=\"fc1db17\" data-element_type=\"widget\" data-widget_type=\"text-editor.default\">\n\t\t\t\t<div class=\"elementor-widget-container\">\n\t\t\t\t\t<div class=\"elementor-text-editor elementor-clearfix\"><div class=\"wpb_text_column wpb_content_element \" data-animation-delay=\"0\"><div class=\"wpb_wrapper\"><div class=\"wpb_text_column wpb_content_element \" data-animation-delay=\"0\"><div class=\"wpb_wrapper\"><div class=\"vc_tta-panel-heading\"><div class=\"vc_tta-panel-heading\"><h3 class=\"vc_tta-panel-title vc_tta-controls-icon-position-left\"><span class=\"vc_tta-title-text\">Nom de Domaine et H\u00e9bergement au Maroc<\/span><i class=\"vc_tta-controls-icon vc_tta-controls-icon-plus\"><\/i><\/h3><\/div><div class=\"vc_tta-panel-body\"><ul id=\"et-icon-list-556530\" class=\"et-icon-list small\"><li><div class=\"icon-wrap\"><div class=\"icon small\">H\u00e9bergement gratuit complet illimit\u00e9 en maroc (Premi\u00e8re ann\u00e9e)<\/div><\/div><\/li><li><div class=\"icon-wrap\"><div class=\"icon small\">Nom de domaine www.votrenom .ma ou .com ou .net ou .org ou\u2026<\/div><\/div><\/li><li><div class=\"icon-wrap\"><div class=\"icon small\">Emails personnalis\u00e9s illimit\u00e9s<\/div><\/div><\/li><li><div class=\"icon-wrap\"><div class=\"icon small\">Base de donn\u00e9es MySQL<\/div><\/div><\/li><li><div class=\"icon-wrap\"><div class=\"icon small\">Statistiques d\u00e9taill\u00e9es du site internet page web<\/div><\/div><\/li><li><div class=\"icon-wrap\"><div class=\"icon small\">Interface d\u2019administration pour la gestion de l\u2019h\u00e9bergement<\/div><\/div><\/li><li><div class=\"icon-wrap\"><div class=\"icon small\">Code s\u00e9curitaire<\/div><\/div><\/li><\/ul><\/div><\/div><\/div><\/div><\/div><\/div><\/div>\n\t\t\t\t<\/div>\n\t\t\t\t<\/div>\n\t\t\t\t<div class=\"elementor-element elementor-element-6d88579 elementor-widget elementor-widget-text-editor\" data-id=\"6d88579\" data-element_type=\"widget\" data-widget_type=\"text-editor.default\">\n\t\t\t\t<div class=\"elementor-widget-container\">\n\t\t\t\t\t<div class=\"elementor-text-editor elementor-clearfix\"><div class=\"wpb_text_column wpb_content_element \" data-animation-delay=\"0\"><div class=\"wpb_wrapper\"><div class=\"wpb_text_column wpb_content_element \" data-animation-delay=\"0\"><div class=\"wpb_wrapper\"><div class=\"vc_tta-panel-heading\"><div class=\"vc_tta-panel-heading\"><div class=\"vc_tta-panel-heading\"><h3 class=\"vc_tta-panel-title vc_tta-controls-icon-position-left\"><span class=\"vc_tta-title-text\">R\u00e9f\u00e9rencement site web Google SEO<\/span><i class=\"vc_tta-controls-icon vc_tta-controls-icon-plus\"><\/i><\/h3><\/div><div class=\"vc_tta-panel-body\"><ul id=\"et-icon-list-120381\" class=\"et-icon-list small\"><li><div class=\"icon-wrap\"><div class=\"icon small\">R\u00e9f\u00e9rencement personnalis\u00e9 Google Ready, r\u00e9f\u00e9rencement Naturel<\/div><\/div><\/li><li><div class=\"icon-wrap\"><div class=\"icon small\">R\u00e9f\u00e9rencement Organique (Sitemap, Robot, m\u00e9ta-tag)<\/div><\/div><\/li><li><div class=\"icon-wrap\"><div class=\"icon small\">Cr\u00e9ation Google Site Map<\/div><\/div><\/li><\/ul><\/div><\/div><\/div><\/div><\/div><\/div><\/div><\/div>\n\t\t\t\t<\/div>\n\t\t\t\t<\/div>\n\t\t\t\t<div class=\"elementor-element elementor-element-ba6e046 elementor-widget elementor-widget-text-editor\" data-id=\"ba6e046\" data-element_type=\"widget\" data-widget_type=\"text-editor.default\">\n\t\t\t\t<div class=\"elementor-widget-container\">\n\t\t\t\t\t<div class=\"elementor-text-editor elementor-clearfix\"><div class=\"wpb_text_column wpb_content_element \" data-animation-delay=\"0\"><div class=\"wpb_wrapper\"><div class=\"wpb_text_column wpb_content_element \" data-animation-delay=\"0\"><div class=\"wpb_wrapper\"><div class=\"vc_tta-panel-heading\"><div class=\"vc_tta-panel-heading\"><div class=\"vc_tta-panel-heading\"><div class=\"vc_tta-panel-heading\"><h3 class=\"vc_tta-panel-title vc_tta-controls-icon-position-left\"><span class=\"vc_tta-title-text\">Des services complets gestion et d\u00e9veloppement<\/span><\/h3><\/div><div class=\"vc_tta-panel-body\"><ul id=\"et-icon-list-866625\" class=\"et-icon-list small\"><li><div class=\"icon-wrap\"><div class=\"icon small\">Assistance technique par email et par t\u00e9l\u00e9phone<\/div><\/div><\/li><li><div class=\"icon-wrap\"><div class=\"icon small\">Maintenance annuelle de votre page web<\/div><\/div><\/li><li><div class=\"icon-wrap\"><div class=\"icon small\">Pr\u00eat pour les r\u00e9seaux Sociaux<\/div><\/div><\/li><li><div class=\"icon-wrap\"><div class=\"icon small\">Site internet responsive web design adaptable sur tout support,<\/div><\/div><\/li><li><div class=\"icon-wrap\"><div class=\"icon small\">tablette, smartphone, android, TV connect\u00e9e\u2026<\/div><\/div><\/li><\/ul><\/div><\/div><\/div><\/div><\/div><\/div><\/div><\/div><\/div>\n\t\t\t\t<\/div>\n\t\t\t\t<\/div>\n\t\t\t\t\t\t<\/div>\n\t\t\t\t\t<\/div>\n\t\t<\/div>\n\t\t\t\t\t\t\t\t<\/div>\n\t\t\t\t\t<\/div>\n\t\t<\/section>\n\t\t\t\t\t\t<\/div>\n\t\t\t\t\t\t<\/div>\n\t\t\t\t\t<\/div>\n\t\t","protected":false},"excerpt":{"rendered":"<p>Vous \u00eates une entreprise, un commer\u00e7ant ou un artiste ? Vous souhaitez une visibilit\u00e9 sur internet avec une page web ? Le pack cr\u00e9ation de site internet page web professionnel correspond \u00e0 vos besoins ! Il comprend une landing page professionnelle pr\u00e9sentant votre activit\u00e9 sur 1 page web mobile, un nom de domaine, un h\u00e9bergement &hellip; <br \/><a href=\"https:\/\/kingdesign-architecte.com\/?page_id=1315\" class=\"more-link\">Continue reading <span class=\"screen-reader-text\">Site vitrine<\/span><\/a><\/p>\n","protected":false},"author":1,"featured_media":0,"parent":0,"menu_order":0,"comment_status":"closed","ping_status":"closed","template":"","meta":{"footnotes":""},"class_list":["post-1315","page","type-page","status-publish","hentry"],"jetpack_sharing_enabled":true,"_links":{"self":[{"href":"https:\/\/kingdesign-architecte.com\/index.php?rest_route=\/wp\/v2\/pages\/1315","targetHints":{"allow":["GET"]}}],"collection":[{"href":"https:\/\/kingdesign-architecte.com\/index.php?rest_route=\/wp\/v2\/pages"}],"about":[{"href":"https:\/\/kingdesign-architecte.com\/index.php?rest_route=\/wp\/v2\/types\/page"}],"author":[{"embeddable":true,"href":"https:\/\/kingdesign-architecte.com\/index.php?rest_route=\/wp\/v2\/users\/1"}],"replies":[{"embeddable":true,"href":"https:\/\/kingdesign-architecte.com\/index.php?rest_route=%2Fwp%2Fv2%2Fcomments&post=1315"}],"version-history":[{"count":5,"href":"https:\/\/kingdesign-architecte.com\/index.php?rest_route=\/wp\/v2\/pages\/1315\/revisions"}],"predecessor-version":[{"id":2955,"href":"https:\/\/kingdesign-architecte.com\/index.php?rest_route=\/wp\/v2\/pages\/1315\/revisions\/2955"}],"wp:attachment":[{"href":"https:\/\/kingdesign-architecte.com\/index.php?rest_route=%2Fwp%2Fv2%2Fmedia&parent=1315"}],"curies":[{"name":"wp","href":"https:\/\/api.w.org\/{rel}","templated":true}]}}