{"id":1317,"date":"2020-04-12T21:03:42","date_gmt":"2020-04-12T21:03:42","guid":{"rendered":"https:\/\/kingdesign-architecte.com\/?page_id=1317"},"modified":"2020-04-23T14:07:18","modified_gmt":"2020-04-23T14:07:18","slug":"site-internet-e-commerce","status":"publish","type":"page","link":"https:\/\/kingdesign-architecte.com\/?page_id=1317","title":{"rendered":"Site internet e-commerce"},"content":{"rendered":"\t\t<div data-elementor-type=\"wp-page\" data-elementor-id=\"1317\" class=\"elementor elementor-1317\" data-elementor-settings=\"[]\">\n\t\t\t\t\t\t<div class=\"elementor-inner\">\n\t\t\t\t\t\t\t<div class=\"elementor-section-wrap\">\n\t\t\t\t\t\t\t<section class=\"elementor-section elementor-top-section elementor-element elementor-element-33cbb91 elementor-section-boxed elementor-section-height-default elementor-section-height-default\" data-id=\"33cbb91\" data-element_type=\"section\">\n\t\t\t\t\t\t<div class=\"elementor-container elementor-column-gap-default\">\n\t\t\t\t\t\t\t<div class=\"elementor-row\">\n\t\t\t\t\t<div class=\"elementor-column elementor-col-50 elementor-top-column elementor-element elementor-element-74adb53\" data-id=\"74adb53\" data-element_type=\"column\">\n\t\t\t<div class=\"elementor-column-wrap elementor-element-populated\">\n\t\t\t\t\t\t\t<div class=\"elementor-widget-wrap\">\n\t\t\t\t\t\t<div class=\"elementor-element elementor-element-8199778 elementor-widget elementor-widget-text-editor\" data-id=\"8199778\" data-element_type=\"widget\" data-widget_type=\"text-editor.default\">\n\t\t\t\t<div class=\"elementor-widget-container\">\n\t\t\t\t\t<div class=\"elementor-text-editor elementor-clearfix\"><p>cr\u00e9ation de site internet e-commerce cl\u00e9s en main, boutique en ligne ouverte 24h\/24 et 7j\/7.<\/p><p>Gr\u00e2ce \u00e0 nous, renforcez ou cr\u00e9ez votre notori\u00e9t\u00e9, vendez vos produits sur le net !<\/p><p>Le e-commerce ne connait pas la crise. En hausse constante depuis 8 ans. Le pack cr\u00e9ation de site internet e commerce, e-shop est parfait pour vendre vos produits avec un syst\u00e8me de panier d\u2019achat et de paiement s\u00e9curis\u00e9 ou de paiement \u00e0 la livraison .<\/p><p>Nous cr\u00e9ons pour vous une arborescence structur\u00e9e pour bien organiser vos informations et nous incluons une recherche rapide. Solution e-commerce professionnel : construisons ensemble votre boutique en ligne sur mesure personnalis\u00e9e, li\u00e9e \u00e0 votre activit\u00e9 e-commerce :<\/p><p>gestion des stocks, promotions, commandes, factures\u2026<\/p><\/div>\n\t\t\t\t<\/div>\n\t\t\t\t<\/div>\n\t\t\t\t\t\t<\/div>\n\t\t\t\t\t<\/div>\n\t\t<\/div>\n\t\t\t\t<div class=\"elementor-column elementor-col-50 elementor-top-column elementor-element elementor-element-a2e915c\" data-id=\"a2e915c\" data-element_type=\"column\">\n\t\t\t<div class=\"elementor-column-wrap elementor-element-populated\">\n\t\t\t\t\t\t\t<div class=\"elementor-widget-wrap\">\n\t\t\t\t\t\t<div class=\"elementor-element elementor-element-e6d4946 elementor-widget elementor-widget-image\" data-id=\"e6d4946\" data-element_type=\"widget\" data-widget_type=\"image.default\">\n\t\t\t\t<div class=\"elementor-widget-container\">\n\t\t\t\t\t<div class=\"elementor-image\">\n\t\t\t\t\t\t\t<figure class=\"wp-caption\">\n\t\t\t\t\t\t\t\t\t\t<img decoding=\"async\" src=\"https:\/\/kingdesign-architecte.com\/wp-content\/uploads\/elementor\/thumbs\/parcel-paper-cartons-with-shopping-cart-logo-trolley-laptop-keyboard-shopping-service-online-web-offers-home-delivery_9635-3446-oohteb15yfjfv11hrvm8rn1re6unnbeadgu1ofcya0.jpg\" title=\"parcel-paper-cartons-with-shopping-cart-logo-trolley-laptop-keyboard-shopping-service-online-web-offers-home-delivery_9635-3446\" alt=\"parcel-paper-cartons-with-shopping-cart-logo-trolley-laptop-keyboard-shopping-service-online-web-offers-home-delivery_9635-3446\" \/>\t\t\t\t\t\t\t\t\t\t\t<figcaption class=\"widget-image-caption wp-caption-text\"><\/figcaption>\n\t\t\t\t\t\t\t\t\t\t<\/figure>\n\t\t\t\t\t<\/div>\n\t\t\t\t<\/div>\n\t\t\t\t<\/div>\n\t\t\t\t\t\t<\/div>\n\t\t\t\t\t<\/div>\n\t\t<\/div>\n\t\t\t\t\t\t\t\t<\/div>\n\t\t\t\t\t<\/div>\n\t\t<\/section>\n\t\t\t\t<section class=\"elementor-section elementor-top-section elementor-element elementor-element-7bd52e3 elementor-section-boxed elementor-section-height-default elementor-section-height-default\" data-id=\"7bd52e3\" data-element_type=\"section\">\n\t\t\t\t\t\t<div class=\"elementor-container elementor-column-gap-default\">\n\t\t\t\t\t\t\t<div class=\"elementor-row\">\n\t\t\t\t\t<div class=\"elementor-column elementor-col-100 elementor-top-column elementor-element elementor-element-269949b\" data-id=\"269949b\" data-element_type=\"column\">\n\t\t\t<div class=\"elementor-column-wrap elementor-element-populated\">\n\t\t\t\t\t\t\t<div class=\"elementor-widget-wrap\">\n\t\t\t\t\t\t<div class=\"elementor-element elementor-element-0117f8b elementor-widget elementor-widget-text-editor\" data-id=\"0117f8b\" data-element_type=\"widget\" data-widget_type=\"text-editor.default\">\n\t\t\t\t<div class=\"elementor-widget-container\">\n\t\t\t\t\t<div class=\"elementor-text-editor elementor-clearfix\"><div class=\"wpb_text_column wpb_content_element \" data-animation-delay=\"0\"><div class=\"wpb_wrapper\"><p class=\"title_h2\"><em><strong>R\u00e9f\u00e9rencement SEO site internet e-commerce:<\/strong><\/em><\/p><p>Nous mettons \u00e9galement en place le r\u00e9f\u00e9rencement Google Ready sur votre site internet e-commerce. Notre \u00e9quipe est compos\u00e9e de strat\u00e8ges, de graphistes cr\u00e9atifs, de d\u00e9veloppeurs SEO et de webmasters passionn\u00e9s par le monde du web et reconnus chacun dans leur sp\u00e9cialit\u00e9 pour leur savoir-faire. Elle va vous apporter des solutions innovantes et fiables pour r\u00e9ussir une boutique en ligne qui r\u00e9ponde \u00e0 vos besoins.<\/p><\/div><\/div><div class=\"vc_row wpb_row vc_inner vc_row-fluid vc_column-gap-24\"><div class=\"wpb_column vc_column_container vc_col-sm-6\"><div class=\"vc_column-inner\"><div class=\"wpb_wrapper\"><div class=\"wpb_text_column wpb_content_element \" data-animation-delay=\"0\"><div class=\"wpb_wrapper\"><p>Un r\u00e9f\u00e9rencement SEO Google site web e commerce unique pour chacun d\u2019entre vous, d\u00e9veloppez vos ventes gr\u00e2ce au e-commerce :<\/p><ul><li>technologie du d\u00e9veloppement adapt\u00e9<\/li><li>optimisation du code source<\/li><li>url rewriting<\/li><li>meta-tag travaill\u00e9s<\/li><li>inscription dans Google Business Center<\/li><\/ul><p>Screenday vous fournit des services, des outils et l\u2019expertise n\u00e9cessaire pour propulser votre entreprise sur Internet, avec une \u00e9quipe d\u00e9di\u00e9e pour garantir un travail de qualit\u00e9 en suivant votre cahier des charges pr\u00e9alablement \u00e9tabli.<\/p><p>E-commerce rapport qualit\u00e9 prix imbattable : service made in Morroco \u00e0 100%.<br \/>S\u00e9curit\u00e9 et fiabilit\u00e9 Screenday toujours \u00e0 vos c\u00f4t\u00e9s.<\/p><p class=\"title_h2\"><em>Cr\u00e9er site web e commerce \u2013 solution e commerce boutique en ligne:<\/em><\/p><\/div><\/div><\/div><\/div><\/div><\/div><div class=\"wpb_text_column wpb_content_element \" data-animation-delay=\"0\"><div class=\"wpb_wrapper\"><p>Cr\u00e9ation d\u2019un site internet e-commerce cl\u00e9s en main.<br \/>Pourquoi ouvrir votre boutique e-commerce aujourd\u2019hui ?<\/p><\/div><\/div><\/div>\n\t\t\t\t<\/div>\n\t\t\t\t<\/div>\n\t\t\t\t\t\t<\/div>\n\t\t\t\t\t<\/div>\n\t\t<\/div>\n\t\t\t\t\t\t\t\t<\/div>\n\t\t\t\t\t<\/div>\n\t\t<\/section>\n\t\t\t\t<section class=\"elementor-section elementor-top-section elementor-element elementor-element-1f2e9b0 elementor-section-stretched elementor-section-boxed elementor-section-height-default elementor-section-height-default\" data-id=\"1f2e9b0\" data-element_type=\"section\" data-settings=\"{&quot;stretch_section&quot;:&quot;section-stretched&quot;}\">\n\t\t\t\t\t\t<div class=\"elementor-container elementor-column-gap-default\">\n\t\t\t\t\t\t\t<div class=\"elementor-row\">\n\t\t\t\t\t<div class=\"elementor-column elementor-col-100 elementor-top-column elementor-element elementor-element-0485552\" data-id=\"0485552\" data-element_type=\"column\">\n\t\t\t<div class=\"elementor-column-wrap elementor-element-populated\">\n\t\t\t\t\t\t\t<div class=\"elementor-widget-wrap\">\n\t\t\t\t\t\t<div class=\"elementor-element elementor-element-802b693 elementor-widget elementor-widget-image\" data-id=\"802b693\" data-element_type=\"widget\" data-widget_type=\"image.default\">\n\t\t\t\t<div class=\"elementor-widget-container\">\n\t\t\t\t\t<div class=\"elementor-image\">\n\t\t\t\t\t\t\t\t\t\t<img loading=\"lazy\" decoding=\"async\" width=\"626\" height=\"417\" src=\"https:\/\/kingdesign-architecte.com\/wp-content\/uploads\/2020\/04\/online-shopping-paper-cartons-parcel-with-shopping-cart-logo-laptop-keyboard-shopping-service-online-web-offers-home-delivery_9635-1348.jpg\" class=\"attachment-large size-large\" alt=\"\" srcset=\"https:\/\/kingdesign-architecte.com\/wp-content\/uploads\/2020\/04\/online-shopping-paper-cartons-parcel-with-shopping-cart-logo-laptop-keyboard-shopping-service-online-web-offers-home-delivery_9635-1348.jpg 626w, https:\/\/kingdesign-architecte.com\/wp-content\/uploads\/2020\/04\/online-shopping-paper-cartons-parcel-with-shopping-cart-logo-laptop-keyboard-shopping-service-online-web-offers-home-delivery_9635-1348-300x200.jpg 300w, https:\/\/kingdesign-architecte.com\/wp-content\/uploads\/2020\/04\/online-shopping-paper-cartons-parcel-with-shopping-cart-logo-laptop-keyboard-shopping-service-online-web-offers-home-delivery_9635-1348-460x306.jpg 460w\" sizes=\"auto, (max-width: 626px) 100vw, 626px\" \/>\t\t\t\t\t\t\t\t\t\t\t<\/div>\n\t\t\t\t<\/div>\n\t\t\t\t<\/div>\n\t\t\t\t\t\t<\/div>\n\t\t\t\t\t<\/div>\n\t\t<\/div>\n\t\t\t\t\t\t\t\t<\/div>\n\t\t\t\t\t<\/div>\n\t\t<\/section>\n\t\t\t\t<section class=\"elementor-section elementor-top-section elementor-element elementor-element-39c58d7 elementor-section-boxed elementor-section-height-default elementor-section-height-default\" data-id=\"39c58d7\" data-element_type=\"section\">\n\t\t\t\t\t\t<div class=\"elementor-container elementor-column-gap-default\">\n\t\t\t\t\t\t\t<div class=\"elementor-row\">\n\t\t\t\t\t<div class=\"elementor-column elementor-col-100 elementor-top-column elementor-element elementor-element-40bffdf\" data-id=\"40bffdf\" data-element_type=\"column\">\n\t\t\t<div class=\"elementor-column-wrap\">\n\t\t\t\t\t\t\t<div class=\"elementor-widget-wrap\">\n\t\t\t\t\t\t\t\t<\/div>\n\t\t\t\t\t<\/div>\n\t\t<\/div>\n\t\t\t\t\t\t\t\t<\/div>\n\t\t\t\t\t<\/div>\n\t\t<\/section>\n\t\t\t\t<section class=\"elementor-section elementor-top-section elementor-element elementor-element-54b72bc6 elementor-section-boxed elementor-section-height-default elementor-section-height-default\" data-id=\"54b72bc6\" data-element_type=\"section\">\n\t\t\t\t\t\t<div class=\"elementor-container elementor-column-gap-default\">\n\t\t\t\t\t\t\t<div class=\"elementor-row\">\n\t\t\t\t\t<div class=\"elementor-column elementor-col-100 elementor-top-column elementor-element elementor-element-5e31c8c3\" data-id=\"5e31c8c3\" data-element_type=\"column\">\n\t\t\t<div class=\"elementor-column-wrap elementor-element-populated\">\n\t\t\t\t\t\t\t<div class=\"elementor-widget-wrap\">\n\t\t\t\t\t\t<div class=\"elementor-element elementor-element-4c28c801 elementor-widget elementor-widget-text-editor\" data-id=\"4c28c801\" data-element_type=\"widget\" data-widget_type=\"text-editor.default\">\n\t\t\t\t<div class=\"elementor-widget-container\">\n\t\t\t\t\t<div class=\"elementor-text-editor elementor-clearfix\"><div class=\"wpb_text_column wpb_content_element \" data-animation-delay=\"0\"><div class=\"wpb_wrapper\"><div class=\"wpb_text_column wpb_content_element \" data-animation-delay=\"0\"><div class=\"wpb_wrapper\"><div class=\"vc_tta-panel-heading\"><h3 class=\"vc_tta-panel-title vc_tta-controls-icon-position-left\"><span class=\"vc_tta-title-text\">Cr\u00e9ation de site web page web &#8211; Refonte site page web<\/span><\/h3><\/div><div class=\"vc_tta-panel-body\"><ul id=\"et-icon-list-92177\" class=\"et-icon-list small\"><li><div class=\"icon-wrap\"><div class=\"icon small\">Nombre de pages web : Illimit\u00e9es\u00a0<span style=\"font-size: 14.45px;\">R\u00e9alisation sur mesure blog d\u2019entreprise.<\/span><\/div><\/div><\/li><li><div class=\"icon-wrap\"><div class=\"icon small\">\u00a0<span style=\"font-size: 14.45px;\">Votre charte graphique personnalis\u00e9e suivant vos couleurs, votre logo,<\/span><\/div><\/div><\/li><li><div class=\"icon-wrap\"><div class=\"icon small\"><span style=\"font-size: 14.45px;\">vos textes contenus, vos photos\u2026<\/span><\/div><\/div><\/li><li><div class=\"icon-wrap\"><div class=\"icon small\">\u00a0<span style=\"font-size: 14.45px;\">Nombre d\u2019images\/ Photos Insertion Maximum: Illimit\u00e9es<\/span><\/div><\/div><\/li><li><div class=\"icon-wrap\"><div class=\"icon small\">\u00a0<span style=\"font-size: 14.45px;\">Votre charte graphique personnalis\u00e9e suivant vos couleurs, votre logo, vos textes contenus<\/span><\/div><\/div><\/li><li><div class=\"icon-wrap\"><div class=\"icon small\">\u00a0<span style=\"font-size: 14.45px;\">Votre formulaire de contact \u2013 Plan d\u2018acc\u00e8s Google Map<\/span><\/div><\/div><\/li><li><div class=\"icon-wrap\"><div class=\"icon small\">\u00a0<span style=\"font-size: 14.45px;\">Gestion du site internet e-commerce sur une interface d\u2019administration s\u00e9curis\u00e9e, de fa\u00e7on autonome. Editer, supprimer textes et photos sur votre site web n\u2019a jamais \u00e9t\u00e9 aussi facile.<\/span><\/div><\/div><\/li><li><div class=\"icon-wrap\"><div class=\"icon small\">\u00a0<span style=\"font-size: 14.45px;\">Langue suppl\u00e9mentaire:outille optional<\/span><\/div><\/div><\/li><li><div class=\"icon-wrap\"><div class=\"icon small\">\u00a0<span style=\"font-size: 14.45px;\">Propri\u00e9taire des codes sources de votre site internet sur mesure<\/span><\/div><\/div><\/li><\/ul><\/div><\/div><\/div><\/div><\/div><\/div>\n\t\t\t\t<\/div>\n\t\t\t\t<\/div>\n\t\t\t\t<div class=\"elementor-element elementor-element-138ec55e elementor-widget elementor-widget-text-editor\" data-id=\"138ec55e\" data-element_type=\"widget\" data-widget_type=\"text-editor.default\">\n\t\t\t\t<div class=\"elementor-widget-container\">\n\t\t\t\t\t<div class=\"elementor-text-editor elementor-clearfix\"><div class=\"wpb_text_column wpb_content_element \" data-animation-delay=\"0\"><div class=\"wpb_wrapper\"><div class=\"wpb_text_column wpb_content_element \" data-animation-delay=\"0\"><div class=\"wpb_wrapper\"><div class=\"vc_tta-panel-heading\"><div class=\"vc_tta-panel-heading\"><h3 class=\"vc_tta-panel-title vc_tta-controls-icon-position-left\"><span class=\"vc_tta-title-text\">Nom de Domaine et H\u00e9bergement au Maroc<\/span><i class=\"vc_tta-controls-icon vc_tta-controls-icon-plus\"><\/i><\/h3><\/div><div class=\"vc_tta-panel-body\"><ul id=\"et-icon-list-556530\" class=\"et-icon-list small\"><li><div class=\"icon-wrap\"><div class=\"icon small\">H\u00e9bergement gratuit complet illimit\u00e9 en maroc (Premi\u00e8re ann\u00e9e)<\/div><\/div><\/li><li><div class=\"icon-wrap\"><div class=\"icon small\">Nom de domaine www.votrenom .ma ou .com ou .net ou .org ou\u2026<\/div><\/div><\/li><li><div class=\"icon-wrap\"><div class=\"icon small\">Emails personnalis\u00e9s illimit\u00e9s<\/div><\/div><\/li><li><div class=\"icon-wrap\"><div class=\"icon small\">Base de donn\u00e9es MySQL<\/div><\/div><\/li><li><div class=\"icon-wrap\"><div class=\"icon small\">Statistiques d\u00e9taill\u00e9es du site internet page web<\/div><\/div><\/li><li><div class=\"icon-wrap\"><div class=\"icon small\">Interface d\u2019administration pour la gestion de l\u2019h\u00e9bergement<\/div><\/div><\/li><li><div class=\"icon-wrap\"><div class=\"icon small\">Code s\u00e9curitaire<\/div><\/div><\/li><\/ul><\/div><\/div><\/div><\/div><\/div><\/div><\/div>\n\t\t\t\t<\/div>\n\t\t\t\t<\/div>\n\t\t\t\t<div class=\"elementor-element elementor-element-77913866 elementor-widget elementor-widget-text-editor\" data-id=\"77913866\" data-element_type=\"widget\" data-widget_type=\"text-editor.default\">\n\t\t\t\t<div class=\"elementor-widget-container\">\n\t\t\t\t\t<div class=\"elementor-text-editor elementor-clearfix\"><div class=\"wpb_text_column wpb_content_element \" data-animation-delay=\"0\"><div class=\"wpb_wrapper\"><div class=\"wpb_text_column wpb_content_element \" data-animation-delay=\"0\"><div class=\"wpb_wrapper\"><div class=\"vc_tta-panel-heading\"><div class=\"vc_tta-panel-heading\"><div class=\"vc_tta-panel-heading\"><h3 class=\"vc_tta-panel-title vc_tta-controls-icon-position-left\"><span class=\"vc_tta-title-text\">R\u00e9f\u00e9rencement site web Google SEO<\/span><i class=\"vc_tta-controls-icon vc_tta-controls-icon-plus\"><\/i><\/h3><\/div><div class=\"vc_tta-panel-body\"><ul id=\"et-icon-list-120381\" class=\"et-icon-list small\"><li><div class=\"icon-wrap\"><div class=\"icon small\">R\u00e9f\u00e9rencement personnalis\u00e9 Google Ready, r\u00e9f\u00e9rencement Naturel<\/div><\/div><\/li><li><div class=\"icon-wrap\"><div class=\"icon small\">R\u00e9f\u00e9rencement Organique (Sitemap, Robot, m\u00e9ta-tag)<\/div><\/div><\/li><li><div class=\"icon-wrap\"><div class=\"icon small\">Cr\u00e9ation Google Site Map<\/div><\/div><\/li><\/ul><\/div><\/div><\/div><\/div><\/div><\/div><\/div><\/div>\n\t\t\t\t<\/div>\n\t\t\t\t<\/div>\n\t\t\t\t<div class=\"elementor-element elementor-element-36f0f78b elementor-widget elementor-widget-text-editor\" data-id=\"36f0f78b\" data-element_type=\"widget\" data-widget_type=\"text-editor.default\">\n\t\t\t\t<div class=\"elementor-widget-container\">\n\t\t\t\t\t<div class=\"elementor-text-editor elementor-clearfix\"><div class=\"wpb_text_column wpb_content_element \" data-animation-delay=\"0\"><div class=\"wpb_wrapper\"><div class=\"wpb_text_column wpb_content_element \" data-animation-delay=\"0\"><div class=\"wpb_wrapper\"><div class=\"vc_tta-panel-heading\"><div class=\"vc_tta-panel-heading\"><div class=\"vc_tta-panel-heading\"><div class=\"vc_tta-panel-heading\"><h3 class=\"vc_tta-panel-title vc_tta-controls-icon-position-left\"><span class=\"vc_tta-title-text\">Des services complets gestion et d\u00e9veloppement<\/span><\/h3><\/div><div class=\"vc_tta-panel-body\"><ul id=\"et-icon-list-866625\" class=\"et-icon-list small\"><li><div class=\"icon-wrap\"><div class=\"icon small\">Assistance technique par email et par t\u00e9l\u00e9phone<\/div><\/div><\/li><li><div class=\"icon-wrap\"><div class=\"icon small\">Maintenance annuelle de votre page web<\/div><\/div><\/li><li><div class=\"icon-wrap\"><div class=\"icon small\">Pr\u00eat pour les r\u00e9seaux Sociaux<\/div><\/div><\/li><li><div class=\"icon-wrap\"><div class=\"icon small\">Site internet responsive web design adaptable sur tout support,<\/div><\/div><\/li><li><div class=\"icon-wrap\"><div class=\"icon small\">tablette, smartphone, android, TV connect\u00e9e\u2026<\/div><\/div><\/li><\/ul><\/div><\/div><\/div><\/div><\/div><\/div><\/div><\/div><\/div>\n\t\t\t\t<\/div>\n\t\t\t\t<\/div>\n\t\t\t\t\t\t<\/div>\n\t\t\t\t\t<\/div>\n\t\t<\/div>\n\t\t\t\t\t\t\t\t<\/div>\n\t\t\t\t\t<\/div>\n\t\t<\/section>\n\t\t\t\t\t\t<\/div>\n\t\t\t\t\t\t<\/div>\n\t\t\t\t\t<\/div>\n\t\t","protected":false},"excerpt":{"rendered":"<p>cr\u00e9ation de site internet e-commerce cl\u00e9s en main, boutique en ligne ouverte 24h\/24 et 7j\/7. Gr\u00e2ce \u00e0 nous, renforcez ou cr\u00e9ez votre notori\u00e9t\u00e9, vendez vos produits sur le net ! Le e-commerce ne connait pas la crise. En hausse constante depuis 8 ans. Le pack cr\u00e9ation de site internet e commerce, e-shop est parfait pour &hellip; <br \/><a href=\"https:\/\/kingdesign-architecte.com\/?page_id=1317\" class=\"more-link\">Continue reading <span class=\"screen-reader-text\">Site internet e-commerce<\/span><\/a><\/p>\n","protected":false},"author":1,"featured_media":0,"parent":0,"menu_order":0,"comment_status":"closed","ping_status":"closed","template":"","meta":{"footnotes":""},"class_list":["post-1317","page","type-page","status-publish","hentry"],"jetpack_sharing_enabled":true,"_links":{"self":[{"href":"https:\/\/kingdesign-architecte.com\/index.php?rest_route=\/wp\/v2\/pages\/1317","targetHints":{"allow":["GET"]}}],"collection":[{"href":"https:\/\/kingdesign-architecte.com\/index.php?rest_route=\/wp\/v2\/pages"}],"about":[{"href":"https:\/\/kingdesign-architecte.com\/index.php?rest_route=\/wp\/v2\/types\/page"}],"author":[{"embeddable":true,"href":"https:\/\/kingdesign-architecte.com\/index.php?rest_route=\/wp\/v2\/users\/1"}],"replies":[{"embeddable":true,"href":"https:\/\/kingdesign-architecte.com\/index.php?rest_route=%2Fwp%2Fv2%2Fcomments&post=1317"}],"version-history":[{"count":4,"href":"https:\/\/kingdesign-architecte.com\/index.php?rest_route=\/wp\/v2\/pages\/1317\/revisions"}],"predecessor-version":[{"id":2962,"href":"https:\/\/kingdesign-architecte.com\/index.php?rest_route=\/wp\/v2\/pages\/1317\/revisions\/2962"}],"wp:attachment":[{"href":"https:\/\/kingdesign-architecte.com\/index.php?rest_route=%2Fwp%2Fv2%2Fmedia&parent=1317"}],"curies":[{"name":"wp","href":"https:\/\/api.w.org\/{rel}","templated":true}]}}