{"id":1318,"date":"2020-04-12T21:04:40","date_gmt":"2020-04-12T21:04:40","guid":{"rendered":"https:\/\/kingdesign-architecte.com\/?page_id=1318"},"modified":"2020-04-23T14:01:11","modified_gmt":"2020-04-23T14:01:11","slug":"referencement-de-site-internet-seo-sea","status":"publish","type":"page","link":"https:\/\/kingdesign-architecte.com\/?page_id=1318","title":{"rendered":"R\u00e9f\u00e9rencement de site internet \/ SEO &#8211; SEA"},"content":{"rendered":"\t\t<div data-elementor-type=\"wp-page\" data-elementor-id=\"1318\" class=\"elementor elementor-1318\" data-elementor-settings=\"[]\">\n\t\t\t\t\t\t<div class=\"elementor-inner\">\n\t\t\t\t\t\t\t<div class=\"elementor-section-wrap\">\n\t\t\t\t\t\t\t<section class=\"elementor-section elementor-top-section elementor-element elementor-element-84c073c elementor-section-boxed elementor-section-height-default elementor-section-height-default\" data-id=\"84c073c\" data-element_type=\"section\">\n\t\t\t\t\t\t<div class=\"elementor-container elementor-column-gap-default\">\n\t\t\t\t\t\t\t<div class=\"elementor-row\">\n\t\t\t\t\t<div class=\"elementor-column elementor-col-50 elementor-top-column elementor-element elementor-element-de3dad1\" data-id=\"de3dad1\" data-element_type=\"column\">\n\t\t\t<div class=\"elementor-column-wrap elementor-element-populated\">\n\t\t\t\t\t\t\t<div class=\"elementor-widget-wrap\">\n\t\t\t\t\t\t<div class=\"elementor-element elementor-element-be35bf4 elementor-widget elementor-widget-text-editor\" data-id=\"be35bf4\" data-element_type=\"widget\" data-widget_type=\"text-editor.default\">\n\t\t\t\t<div class=\"elementor-widget-container\">\n\t\t\t\t\t<div class=\"elementor-text-editor elementor-clearfix\"><p>Analyse site web en ligne strat\u00e9gie SEO.<br \/>Analyse site web SEO audit search engine optimization. Ce rapport est l\u2019\u00e9tape n\u00b0 1 dans le r\u00e9f\u00e9rencement SEO naturel.<br \/>Nous vous pr\u00e9sentons la derni\u00e8re strat\u00e9gie de r\u00e9f\u00e9rencement que nous utilisons pour classer des milliers de mots-cl\u00e9s sur Google , Yahoo ,<\/p><p>Bing , Yandex\u2026 chaque mois. Offre sans engagement, sans abonnement ! Un conseiller personnel Screenday est l\u00e0 pour vous\u2026<\/p><\/div>\n\t\t\t\t<\/div>\n\t\t\t\t<\/div>\n\t\t\t\t\t\t<\/div>\n\t\t\t\t\t<\/div>\n\t\t<\/div>\n\t\t\t\t<div class=\"elementor-column elementor-col-50 elementor-top-column elementor-element elementor-element-e617477\" data-id=\"e617477\" data-element_type=\"column\">\n\t\t\t<div class=\"elementor-column-wrap elementor-element-populated\">\n\t\t\t\t\t\t\t<div class=\"elementor-widget-wrap\">\n\t\t\t\t\t\t<div class=\"elementor-element elementor-element-fce0d78 elementor-widget elementor-widget-image\" data-id=\"fce0d78\" data-element_type=\"widget\" data-widget_type=\"image.default\">\n\t\t\t\t<div class=\"elementor-widget-container\">\n\t\t\t\t\t<div class=\"elementor-image\">\n\t\t\t\t\t\t\t\t\t\t<img loading=\"lazy\" decoding=\"async\" width=\"626\" height=\"417\" src=\"https:\/\/kingdesign-architecte.com\/wp-content\/uploads\/2020\/04\/seo-optimization-banner_33099-1690.jpg\" class=\"attachment-large size-large\" alt=\"\" srcset=\"https:\/\/kingdesign-architecte.com\/wp-content\/uploads\/2020\/04\/seo-optimization-banner_33099-1690.jpg 626w, https:\/\/kingdesign-architecte.com\/wp-content\/uploads\/2020\/04\/seo-optimization-banner_33099-1690-300x200.jpg 300w, https:\/\/kingdesign-architecte.com\/wp-content\/uploads\/2020\/04\/seo-optimization-banner_33099-1690-460x306.jpg 460w\" sizes=\"auto, (max-width: 626px) 100vw, 626px\" \/>\t\t\t\t\t\t\t\t\t\t\t<\/div>\n\t\t\t\t<\/div>\n\t\t\t\t<\/div>\n\t\t\t\t\t\t<\/div>\n\t\t\t\t\t<\/div>\n\t\t<\/div>\n\t\t\t\t\t\t\t\t<\/div>\n\t\t\t\t\t<\/div>\n\t\t<\/section>\n\t\t\t\t<section class=\"elementor-section elementor-top-section elementor-element elementor-element-4b729c1 elementor-section-boxed elementor-section-height-default elementor-section-height-default\" data-id=\"4b729c1\" data-element_type=\"section\">\n\t\t\t\t\t\t<div class=\"elementor-container elementor-column-gap-default\">\n\t\t\t\t\t\t\t<div class=\"elementor-row\">\n\t\t\t\t\t<div class=\"elementor-column elementor-col-100 elementor-top-column elementor-element elementor-element-037b07e\" data-id=\"037b07e\" data-element_type=\"column\">\n\t\t\t<div class=\"elementor-column-wrap elementor-element-populated\">\n\t\t\t\t\t\t\t<div class=\"elementor-widget-wrap\">\n\t\t\t\t\t\t<div class=\"elementor-element elementor-element-654aea5 elementor-widget elementor-widget-text-editor\" data-id=\"654aea5\" data-element_type=\"widget\" data-widget_type=\"text-editor.default\">\n\t\t\t\t<div class=\"elementor-widget-container\">\n\t\t\t\t\t<div class=\"elementor-text-editor elementor-clearfix\"><h3>Strat\u00e9gie de r\u00e9f\u00e9rencement SEO 2020<\/h3><p>Propulsez-vous \u00e0 la premi\u00e8re page de Google avec notre rapport de recommandations SEO en profondeur pour votre site web. Agence de r\u00e9f\u00e9rencement Agence Docteur SEO digital marketing, expert dans le r\u00e9f\u00e9rencement naturel SEO et les technologies du web marketing en ligne.\u2028Nous travaillons pour des petites et moyennes entreprises mais aussi \u00e0 titre d\u2019exemple comme chef SEO \/ Consultant SEO pour une grande compagnie d\u2019assurance et diverses soci\u00e9t\u00e9s nationales, internationales\u2026<br \/>Nous portons un grand int\u00e9r\u00eat \u00e0 chacun des projets de nos clients et nous allons tout faire pour am\u00e9liorer la strat\u00e9gie de r\u00e9ussite de votre entreprise avec des conseils personnalis\u00e9s.<\/p><p>Tous nos services web marketing sont de tr\u00e8s haute qualit\u00e9, nous allons vous aider \u00e0 augmenter votre classement dans les moteurs de recherche comme Google et Yahoo et obtenir plus de trafic organique naturellement.<\/p><p>Nous allons vous fournir un rapport appropri\u00e9 complet d\u2019optimisation de A \u00e0 Z, une v\u00e9rification pour la premi\u00e8re page de Google pour votre site web.<\/p><p>Agence Docteur SEO vous recommande ce service avant de commencer toute campagne d\u2019optimisation pour votre site web.<br \/>Ce rapport, cette v\u00e9rification 1\u00e8re page est pour une page et un terme, un mot cl\u00e9.<\/p><p>Audit SEO ultra puissant pour entreprises et particuliers \u00e0 des tarifs abordables.<br \/>Notre rapport pr\u00e9sente un examen des caract\u00e9ristiques cl\u00e9s qui influent sur le r\u00e9f\u00e9rencement naturel et de la mani\u00e8re dont votre site se classe dans les moteurs de recherche.<\/p><p>Docteur SEO Agence va ex\u00e9cuter une analyse de r\u00e9f\u00e9rencement naturel, une ventilation compl\u00e8te de votre page web On-Page Off-Page SEO avec un rapport complet d\u00e9taill\u00e9 vous montrant exactement ce que vous devriez changer sur votre site pour am\u00e9liorer votre classement. Ce rapport est facile de compr\u00e9hension, pas de langage scientifique.<\/p><p>Agence expert en SEO va analyser votre concurrence pour le mot cl\u00e9 principal choisi dans votre moteur de recherche local, donc en Maroc.<br \/>L\u2019audit va souligner les erreurs ou les \u00e9ventuelles modifications \u00e0 apporter et des instructions d\u00e9taill\u00e9es vous montrant exactement comment optimiser et fixer votre site internet en vue de mieux vous placer dans le classement Google.<\/p><p>Site web optimis\u00e9 premi\u00e8re page google<\/p><p>Notre rapport passera en revue et fera des suggestions sur les points suivants :<\/p><p>Site internet \/ Ergonomie accueil optimisation \u2013 site &amp; structure \u2013 analyse des performances de vitesse \u2013 Balises m\u00e9ta \u2013 liens entrants \u2013 liens sortants \u2013 balises alt -densit\u00e9 des mots cl\u00e9s \u2013 la validation html \u2013 am\u00e9lioration code HTML, contenus, sitemap XML test, Mobile Rendu, Google Preview, analyse concurrence\u2026 Et beaucoup plus encore !<\/p><\/div>\n\t\t\t\t<\/div>\n\t\t\t\t<\/div>\n\t\t\t\t\t\t<\/div>\n\t\t\t\t\t<\/div>\n\t\t<\/div>\n\t\t\t\t\t\t\t\t<\/div>\n\t\t\t\t\t<\/div>\n\t\t<\/section>\n\t\t\t\t<section class=\"elementor-section elementor-top-section elementor-element elementor-element-a37f658 elementor-section-stretched elementor-section-boxed elementor-section-height-default elementor-section-height-default\" data-id=\"a37f658\" data-element_type=\"section\" data-settings=\"{&quot;stretch_section&quot;:&quot;section-stretched&quot;}\">\n\t\t\t\t\t\t<div class=\"elementor-container elementor-column-gap-default\">\n\t\t\t\t\t\t\t<div class=\"elementor-row\">\n\t\t\t\t\t<div class=\"elementor-column elementor-col-100 elementor-top-column elementor-element elementor-element-e7fc964\" data-id=\"e7fc964\" data-element_type=\"column\">\n\t\t\t<div class=\"elementor-column-wrap elementor-element-populated\">\n\t\t\t\t\t\t\t<div class=\"elementor-widget-wrap\">\n\t\t\t\t\t\t<div class=\"elementor-element elementor-element-15062ea elementor-widget elementor-widget-image\" data-id=\"15062ea\" data-element_type=\"widget\" data-widget_type=\"image.default\">\n\t\t\t\t<div class=\"elementor-widget-container\">\n\t\t\t\t\t<div class=\"elementor-image\">\n\t\t\t\t\t\t\t\t\t\t<img loading=\"lazy\" decoding=\"async\" width=\"626\" height=\"352\" src=\"https:\/\/kingdesign-architecte.com\/wp-content\/uploads\/2020\/04\/seo-search-engine-otimization-thin-line_93208-424.jpg\" class=\"attachment-large size-large\" alt=\"\" srcset=\"https:\/\/kingdesign-architecte.com\/wp-content\/uploads\/2020\/04\/seo-search-engine-otimization-thin-line_93208-424.jpg 626w, https:\/\/kingdesign-architecte.com\/wp-content\/uploads\/2020\/04\/seo-search-engine-otimization-thin-line_93208-424-300x169.jpg 300w, https:\/\/kingdesign-architecte.com\/wp-content\/uploads\/2020\/04\/seo-search-engine-otimization-thin-line_93208-424-460x259.jpg 460w\" sizes=\"auto, (max-width: 626px) 100vw, 626px\" \/>\t\t\t\t\t\t\t\t\t\t\t<\/div>\n\t\t\t\t<\/div>\n\t\t\t\t<\/div>\n\t\t\t\t\t\t<\/div>\n\t\t\t\t\t<\/div>\n\t\t<\/div>\n\t\t\t\t\t\t\t\t<\/div>\n\t\t\t\t\t<\/div>\n\t\t<\/section>\n\t\t\t\t<section class=\"elementor-section elementor-top-section elementor-element elementor-element-1a4667d elementor-section-boxed elementor-section-height-default elementor-section-height-default\" data-id=\"1a4667d\" data-element_type=\"section\">\n\t\t\t\t\t\t<div class=\"elementor-container elementor-column-gap-default\">\n\t\t\t\t\t\t\t<div class=\"elementor-row\">\n\t\t\t\t\t<div class=\"elementor-column elementor-col-100 elementor-top-column elementor-element elementor-element-2d54ae4\" data-id=\"2d54ae4\" data-element_type=\"column\">\n\t\t\t<div class=\"elementor-column-wrap elementor-element-populated\">\n\t\t\t\t\t\t\t<div class=\"elementor-widget-wrap\">\n\t\t\t\t\t\t<div class=\"elementor-element elementor-element-59e5c4d elementor-widget elementor-widget-text-editor\" data-id=\"59e5c4d\" data-element_type=\"widget\" data-widget_type=\"text-editor.default\">\n\t\t\t\t<div class=\"elementor-widget-container\">\n\t\t\t\t\t<div class=\"elementor-text-editor elementor-clearfix\"><h1 id=\"et-heading-116818\" class=\"et-heading text-align-left tablet-text-align-inherit mobile-text-align-inherit animate-false no-animation-type\" data-delay=\"0\" data-mobile-font=\"inherit\" data-mobile-line-height=\"inherit\" data-tablet-landscape-font=\"inherit\" data-tablet-portrait-font=\"inherit\" data-tablet-landscape-line-height=\"inherit\" data-tablet-portrait-line-height=\"inherit\" data-parallax=\"false\" data-move=\"false\" data-coordinatex=\"0\" data-coordinatey=\"0\" data-speed=\"10\"><span class=\"text-wrapper\"><span class=\"text\">Fiche technique<\/span><\/span><\/h1>\n<\/div>\n\t\t\t\t<\/div>\n\t\t\t\t<\/div>\n\t\t\t\t\t\t<\/div>\n\t\t\t\t\t<\/div>\n\t\t<\/div>\n\t\t\t\t\t\t\t\t<\/div>\n\t\t\t\t\t<\/div>\n\t\t<\/section>\n\t\t\t\t<section class=\"elementor-section elementor-top-section elementor-element elementor-element-0be41b9 elementor-section-boxed elementor-section-height-default elementor-section-height-default\" data-id=\"0be41b9\" data-element_type=\"section\">\n\t\t\t\t\t\t<div class=\"elementor-container elementor-column-gap-default\">\n\t\t\t\t\t\t\t<div class=\"elementor-row\">\n\t\t\t\t\t<div class=\"elementor-column elementor-col-100 elementor-top-column elementor-element elementor-element-2c27dad\" data-id=\"2c27dad\" data-element_type=\"column\">\n\t\t\t<div class=\"elementor-column-wrap elementor-element-populated\">\n\t\t\t\t\t\t\t<div class=\"elementor-widget-wrap\">\n\t\t\t\t\t\t<section class=\"elementor-section elementor-inner-section elementor-element elementor-element-5a4998f elementor-section-boxed elementor-section-height-default elementor-section-height-default\" data-id=\"5a4998f\" data-element_type=\"section\">\n\t\t\t\t\t\t<div class=\"elementor-container elementor-column-gap-default\">\n\t\t\t\t\t\t\t<div class=\"elementor-row\">\n\t\t\t\t\t<div class=\"elementor-column elementor-col-50 elementor-inner-column elementor-element elementor-element-f3713d0\" data-id=\"f3713d0\" data-element_type=\"column\">\n\t\t\t<div class=\"elementor-column-wrap elementor-element-populated\">\n\t\t\t\t\t\t\t<div class=\"elementor-widget-wrap\">\n\t\t\t\t\t\t<div class=\"elementor-element elementor-element-d4de75d elementor-widget elementor-widget-text-editor\" data-id=\"d4de75d\" data-element_type=\"widget\" data-widget_type=\"text-editor.default\">\n\t\t\t\t<div class=\"elementor-widget-container\">\n\t\t\t\t\t<div class=\"elementor-text-editor elementor-clearfix\"><ul id=\"et-icon-list-171416\" class=\"et-icon-list small\"><li><div>Report overview<\/div><\/li><li><div class=\"icon-wrap\"><div class=\"icon small\">Google Search Results Preview<\/div><\/div><\/li><li><div class=\"icon-wrap\"><div class=\"icon small\">Most Common Keywords Test Keyword use<\/div><\/div><\/li><li><div class=\"icon-wrap\"><div class=\"icon small\">Robots.txt \u2013 Sitemap Test<\/div><\/div><\/li><li><div class=\"icon-wrap\"><div class=\"icon small\">Number of backlinks<\/div><\/div><\/li><li><div class=\"icon-wrap\"><div class=\"icon small\">Underscores TestInline CSS Test<\/div><\/div><\/li><li><div class=\"icon-wrap\"><div class=\"icon small\">Top level domain of web site<\/div><\/div><\/li><li><div class=\"icon-wrap\"><div class=\"icon small\">Mentions on social sites<\/div><\/div><\/li><li><div class=\"icon-wrap\"><div class=\"icon small\">Server speed<\/div><\/div><\/li><li><div class=\"icon-wrap\"><div class=\"icon small\">URL SEO Friendly Test<\/div><\/div><\/li><li><div class=\"icon-wrap\"><div class=\"icon small\">Number of visitors to the site<\/div><\/div><\/li><li><div class=\"icon-wrap\"><div class=\"icon small\">Ranking Factors Performance<\/div><\/div><\/li><li><div class=\"icon-wrap\"><div class=\"icon small\">Number of trailing slashes in URL<\/div><\/div><\/li><\/ul><\/div>\n\t\t\t\t<\/div>\n\t\t\t\t<\/div>\n\t\t\t\t\t\t<\/div>\n\t\t\t\t\t<\/div>\n\t\t<\/div>\n\t\t\t\t<div class=\"elementor-column elementor-col-50 elementor-inner-column elementor-element elementor-element-cf4accc\" data-id=\"cf4accc\" data-element_type=\"column\">\n\t\t\t<div class=\"elementor-column-wrap elementor-element-populated\">\n\t\t\t\t\t\t\t<div class=\"elementor-widget-wrap\">\n\t\t\t\t\t\t<div class=\"elementor-element elementor-element-add2256 elementor-widget elementor-widget-text-editor\" data-id=\"add2256\" data-element_type=\"widget\" data-widget_type=\"text-editor.default\">\n\t\t\t\t<div class=\"elementor-widget-container\">\n\t\t\t\t\t<div class=\"elementor-text-editor elementor-clearfix\"><ul>\n \t<li>\n\n<div>HTML validation of web page to W3C standards<\/div><\/li>\n \t<li>\n<div class=\"icon-wrap\">\n<div class=\"icon small\">Readability level of web page 98 ranking factors passed<\/div>\n<\/div><\/li>\n \t<li>\n<div class=\"icon-wrap\">\n<div class=\"icon small\">Anchor texts<\/div>\n<\/div><\/li>\n \t<li>\n<div class=\"icon-wrap\">\n<div class=\"icon small\">Number of trailing slashes in URL<\/div>\n<\/div><\/li>\n \t<li>\n<div class=\"icon-wrap\">\n<div class=\"icon small\">HTML validation of web page to W3C standards<\/div>\n<\/div><\/li>\n \t<li>\n<div class=\"icon-wrap\">\n<div class=\"icon small\">Readability level of web page 98 ranking factors passed<\/div>\n<\/div><\/li>\n \t<li>\n<div class=\"icon-wrap\">\n<div class=\"icon small\">Anchor texts<\/div>\n<\/div><\/li>\n \t<li>\n<div class=\"icon-wrap\">\n<div class=\"icon small\">Table: Keyword position \u2013 Number of words of characters<\/div>\n<\/div><\/li>\n \t<li>\n<div class=\"icon-wrap\">\n<div class=\"icon small\">Table: Ranking factors digest<\/div>\n<\/div><\/li>\n \t<li>\n<div class=\"icon-wrap\">\n<div class=\"icon small\">Et bien plus encore<\/div>\n<\/div><\/li>\n<\/ul>\n<\/div>\n<\/div><\/li>\n<\/ul><\/div>\n\t\t\t\t<\/div>\n\t\t\t\t<\/div>\n\t\t\t\t\t\t<\/div>\n\t\t\t\t\t<\/div>\n\t\t<\/div>\n\t\t\t\t\t\t\t\t<\/div>\n\t\t\t\t\t<\/div>\n\t\t<\/section>\n\t\t\t\t\t\t<\/div>\n\t\t\t\t\t<\/div>\n\t\t<\/div>\n\t\t\t\t\t\t\t\t<\/div>\n\t\t\t\t\t<\/div>\n\t\t<\/section>\n\t\t\t\t\t\t<\/div>\n\t\t\t\t\t\t<\/div>\n\t\t\t\t\t<\/div>\n\t\t","protected":false},"excerpt":{"rendered":"<p>Analyse site web en ligne strat\u00e9gie SEO.Analyse site web SEO audit search engine optimization. Ce rapport est l\u2019\u00e9tape n\u00b0 1 dans le r\u00e9f\u00e9rencement SEO naturel.Nous vous pr\u00e9sentons la derni\u00e8re strat\u00e9gie de r\u00e9f\u00e9rencement que nous utilisons pour classer des milliers de mots-cl\u00e9s sur Google , Yahoo , Bing , Yandex\u2026 chaque mois. Offre sans engagement, sans &hellip; <br \/><a href=\"https:\/\/kingdesign-architecte.com\/?page_id=1318\" class=\"more-link\">Continue reading <span class=\"screen-reader-text\">R\u00e9f\u00e9rencement de site internet \/ SEO &#8211; SEA<\/span><\/a><\/p>\n","protected":false},"author":1,"featured_media":0,"parent":0,"menu_order":0,"comment_status":"closed","ping_status":"closed","template":"","meta":{"footnotes":""},"class_list":["post-1318","page","type-page","status-publish","hentry"],"jetpack_sharing_enabled":true,"_links":{"self":[{"href":"https:\/\/kingdesign-architecte.com\/index.php?rest_route=\/wp\/v2\/pages\/1318","targetHints":{"allow":["GET"]}}],"collection":[{"href":"https:\/\/kingdesign-architecte.com\/index.php?rest_route=\/wp\/v2\/pages"}],"about":[{"href":"https:\/\/kingdesign-architecte.com\/index.php?rest_route=\/wp\/v2\/types\/page"}],"author":[{"embeddable":true,"href":"https:\/\/kingdesign-architecte.com\/index.php?rest_route=\/wp\/v2\/users\/1"}],"replies":[{"embeddable":true,"href":"https:\/\/kingdesign-architecte.com\/index.php?rest_route=%2Fwp%2Fv2%2Fcomments&post=1318"}],"version-history":[{"count":3,"href":"https:\/\/kingdesign-architecte.com\/index.php?rest_route=\/wp\/v2\/pages\/1318\/revisions"}],"predecessor-version":[{"id":2952,"href":"https:\/\/kingdesign-architecte.com\/index.php?rest_route=\/wp\/v2\/pages\/1318\/revisions\/2952"}],"wp:attachment":[{"href":"https:\/\/kingdesign-architecte.com\/index.php?rest_route=%2Fwp%2Fv2%2Fmedia&parent=1318"}],"curies":[{"name":"wp","href":"https:\/\/api.w.org\/{rel}","templated":true}]}}