{"id":855,"date":"2019-10-29T03:42:19","date_gmt":"2019-10-29T03:42:19","guid":{"rendered":"https:\/\/demoapus.com\/intoria\/?page_id=855"},"modified":"2020-05-02T01:31:32","modified_gmt":"2020-05-02T01:31:32","slug":"contact-us","status":"publish","type":"page","link":"https:\/\/kingdesign-architecte.com\/?page_id=855","title":{"rendered":"Contact"},"content":{"rendered":"\t\t<div data-elementor-type=\"wp-page\" data-elementor-id=\"855\" class=\"elementor elementor-855\" data-elementor-settings=\"[]\">\n\t\t\t\t\t\t<div class=\"elementor-inner\">\n\t\t\t\t\t\t\t<div class=\"elementor-section-wrap\">\n\t\t\t\t\t\t\t<section class=\"elementor-section elementor-top-section elementor-element elementor-element-f75b15e elementor-section-stretched elementor-section-boxed elementor-section-height-default elementor-section-height-default\" data-id=\"f75b15e\" data-element_type=\"section\" data-settings=\"{&quot;stretch_section&quot;:&quot;section-stretched&quot;}\">\n\t\t\t\t\t\t<div class=\"elementor-container elementor-column-gap-extended\">\n\t\t\t\t\t\t\t<div class=\"elementor-row\">\n\t\t\t\t\t<div class=\"elementor-column elementor-col-100 elementor-top-column elementor-element elementor-element-0921b96\" data-id=\"0921b96\" data-element_type=\"column\">\n\t\t\t<div class=\"elementor-column-wrap elementor-element-populated\">\n\t\t\t\t\t\t\t<div class=\"elementor-widget-wrap\">\n\t\t\t\t\t\t<div class=\"elementor-element elementor-element-c772662 elementor-widget elementor-widget-apus_element_heading\" data-id=\"c772662\" data-element_type=\"widget\" data-widget_type=\"apus_element_heading.default\">\n\t\t\t\t<div class=\"elementor-widget-container\">\n\t\t\t<div class=\"apus-heading\"><div class=\"sub\"><div class=\"sub-title-inside\">Faites confiance et recommandez<\/div><\/div><h2 class=\"heading-title\">Contactez nous<\/h2><\/div>\t\t<\/div>\n\t\t\t\t<\/div>\n\t\t\t\t<div class=\"elementor-element elementor-element-6a9c604 elementor-widget elementor-widget-apus_element_features_box\" data-id=\"6a9c604\" data-element_type=\"widget\" data-widget_type=\"apus_element_features_box.default\">\n\t\t\t\t<div class=\"elementor-widget-container\">\n\t\t\t            <div class=\"widget-features-box  center style3\">\n                                <div class=\"row\">\n                                                                        <div class=\"item col-xs-12 col-sm-6 col-md-4 col-lg-4\">\n                                    <div class=\"item-inner\">\n\n                                    <div class=\"features-box-image icon\"><i class=\"flaticon-smartphone\"><\/i><\/div><div class=\"features-box-content\"><h3 class=\"title\">Num\u00e9ro de t\u00e9l\u00e9phone<\/h3><div class=\"description\"><a href=\"tel:+212600520897\">06 00 52 08 97<\/a><\/div><\/div>\n                                <\/div>\n                            <\/div>\n                                                        <div class=\"item col-xs-12 col-sm-6 col-md-4 col-lg-4\">\n                                    <div class=\"item-inner\">\n\n                                    <div class=\"features-box-image icon\"><i class=\"flaticon-email\"><\/i><\/div><div class=\"features-box-content\"><h3 class=\"title\">Addresse Email<\/h3><div class=\"description\">\n<a href=\"mailto:kinnngdesign@gmail.com\">kinnngdesign@gmail.com<\/a><\/div><\/div>\n                                <\/div>\n                            <\/div>\n                                                        <div class=\"item col-xs-12 col-sm-6 col-md-4 col-lg-4\">\n                                    <div class=\"item-inner\">\n\n                                    <div class=\"features-box-image icon\"><i class=\"flaticon-placeholder\"><\/i><\/div><div class=\"features-box-content\"><h3 class=\"title\">Addresse<\/h3><div class=\"description\">6\u00e8me \u00e9tage Imm El youbia, Ave Allal Ben Abdellah, Fes 30000<\/div><\/div>\n                                <\/div>\n                            <\/div>\n                                        <\/div>\n\n            <\/div>\n            \t\t<\/div>\n\t\t\t\t<\/div>\n\t\t\t\t\t\t<\/div>\n\t\t\t\t\t<\/div>\n\t\t<\/div>\n\t\t\t\t\t\t\t\t<\/div>\n\t\t\t\t\t<\/div>\n\t\t<\/section>\n\t\t\t\t<section class=\"elementor-section elementor-top-section elementor-element elementor-element-f39d4b8 elementor-section-stretched elementor-section-boxed elementor-section-height-default elementor-section-height-default\" data-id=\"f39d4b8\" data-element_type=\"section\" data-settings=\"{&quot;stretch_section&quot;:&quot;section-stretched&quot;}\">\n\t\t\t\t\t\t<div class=\"elementor-container elementor-column-gap-extended\">\n\t\t\t\t\t\t\t<div class=\"elementor-row\">\n\t\t\t\t\t<div class=\"elementor-column elementor-col-100 elementor-top-column elementor-element elementor-element-16b8c38\" data-id=\"16b8c38\" data-element_type=\"column\">\n\t\t\t<div class=\"elementor-column-wrap elementor-element-populated\">\n\t\t\t\t\t\t\t<div class=\"elementor-widget-wrap\">\n\t\t\t\t\t\t<div class=\"elementor-element elementor-element-918f1ca elementor-widget elementor-widget-apus_element_heading\" data-id=\"918f1ca\" data-element_type=\"widget\" data-widget_type=\"apus_element_heading.default\">\n\t\t\t\t<div class=\"elementor-widget-container\">\n\t\t\t<div class=\"apus-heading\"><div class=\"sub\"><div class=\"sub-title-inside\">Contactez-Nous<\/div><\/div><h2 class=\"heading-title\">Entrer en contact<\/h2><\/div>\t\t<\/div>\n\t\t\t\t<\/div>\n\t\t\t\t<div class=\"elementor-element elementor-element-717e2fd apus-contact-form-2 elementor-widget elementor-widget-text-editor\" data-id=\"717e2fd\" data-element_type=\"widget\" data-widget_type=\"text-editor.default\">\n\t\t\t\t<div class=\"elementor-widget-container\">\n\t\t\t\t\t<div class=\"elementor-text-editor elementor-clearfix\">\n<div class=\"wpcf7 no-js\" id=\"wpcf7-f884-o1\" lang=\"en-US\" dir=\"ltr\" data-wpcf7-id=\"884\">\n<div class=\"screen-reader-response\"><p role=\"status\" aria-live=\"polite\" aria-atomic=\"true\"><\/p> <ul><\/ul><\/div>\n<form action=\"\/index.php?rest_route=%2Fwp%2Fv2%2Fpages%2F855#wpcf7-f884-o1\" method=\"post\" class=\"wpcf7-form init\" aria-label=\"Contact form\" novalidate=\"novalidate\" data-status=\"init\">\n<div style=\"display: none;\">\n<input type=\"hidden\" name=\"_wpcf7\" value=\"884\" \/>\n<input type=\"hidden\" name=\"_wpcf7_version\" value=\"6.0.5\" \/>\n<input type=\"hidden\" name=\"_wpcf7_locale\" value=\"en_US\" \/>\n<input type=\"hidden\" name=\"_wpcf7_unit_tag\" value=\"wpcf7-f884-o1\" \/>\n<input type=\"hidden\" name=\"_wpcf7_container_post\" value=\"0\" \/>\n<input type=\"hidden\" name=\"_wpcf7_posted_data_hash\" value=\"\" \/>\n<\/div>\n<div class=\"row\">\n\t<div class=\"col-md-6 col-xs-12\">\n\t\t<p><span class=\"wpcf7-form-control-wrap\" data-name=\"your-name\"><input size=\"40\" maxlength=\"400\" class=\"wpcf7-form-control wpcf7-text\" aria-invalid=\"false\" placeholder=\"Nom\" value=\"\" type=\"text\" name=\"your-name\" \/><\/span>\n\t\t<\/p>\n\t<\/div>\n\t<div class=\"col-md-6 col-xs-12\">\n\t\t<p><span class=\"wpcf7-form-control-wrap\" data-name=\"your-email\"><input size=\"40\" maxlength=\"400\" class=\"wpcf7-form-control wpcf7-email wpcf7-text wpcf7-validates-as-email\" aria-invalid=\"false\" placeholder=\"Email\" value=\"\" type=\"email\" name=\"your-email\" \/><\/span>\n\t\t<\/p>\n\t<\/div>\n\t<div class=\"col-md-12 col-xs-12\">\n\t\t<p><span class=\"wpcf7-form-control-wrap\" data-name=\"your-message\"><textarea cols=\"40\" rows=\"10\" maxlength=\"2000\" class=\"wpcf7-form-control wpcf7-textarea\" aria-invalid=\"false\" placeholder=\"Message\" name=\"your-message\"><\/textarea><\/span>\n\t\t<\/p>\n\t<\/div>\n\t<div class=\"col-md-12 col-xs-12\">\n\t\t<p><input class=\"wpcf7-form-control wpcf7-submit has-spinner\" type=\"submit\" value=\"Envoyer\" \/>\n\t\t<\/p>\n\t<\/div>\n<\/div><div class=\"wpcf7-response-output\" aria-hidden=\"true\"><\/div>\n<\/form>\n<\/div>\n<\/div>\n\t\t\t\t<\/div>\n\t\t\t\t<\/div>\n\t\t\t\t\t\t<\/div>\n\t\t\t\t\t<\/div>\n\t\t<\/div>\n\t\t\t\t\t\t\t\t<\/div>\n\t\t\t\t\t<\/div>\n\t\t<\/section>\n\t\t\t\t\t\t<\/div>\n\t\t\t\t\t\t<\/div>\n\t\t\t\t\t<\/div>\n\t\t","protected":false},"excerpt":{"rendered":"<p>Faites confiance et recommandez Contactez nous Num\u00e9ro de t\u00e9l\u00e9phone 06 00 52 08 97 Addresse Email kinnngdesign@gmail.com Addresse 6\u00e8me \u00e9tage Imm El youbia, Ave Allal Ben Abdellah, Fes 30000 Contactez-Nous Entrer en contact<\/p>\n","protected":false},"author":1,"featured_media":0,"parent":0,"menu_order":0,"comment_status":"closed","ping_status":"closed","template":"","meta":{"footnotes":""},"class_list":["post-855","page","type-page","status-publish","hentry"],"jetpack_sharing_enabled":true,"_links":{"self":[{"href":"https:\/\/kingdesign-architecte.com\/index.php?rest_route=\/wp\/v2\/pages\/855","targetHints":{"allow":["GET"]}}],"collection":[{"href":"https:\/\/kingdesign-architecte.com\/index.php?rest_route=\/wp\/v2\/pages"}],"about":[{"href":"https:\/\/kingdesign-architecte.com\/index.php?rest_route=\/wp\/v2\/types\/page"}],"author":[{"embeddable":true,"href":"https:\/\/kingdesign-architecte.com\/index.php?rest_route=\/wp\/v2\/users\/1"}],"replies":[{"embeddable":true,"href":"https:\/\/kingdesign-architecte.com\/index.php?rest_route=%2Fwp%2Fv2%2Fcomments&post=855"}],"version-history":[{"count":10,"href":"https:\/\/kingdesign-architecte.com\/index.php?rest_route=\/wp\/v2\/pages\/855\/revisions"}],"predecessor-version":[{"id":3099,"href":"https:\/\/kingdesign-architecte.com\/index.php?rest_route=\/wp\/v2\/pages\/855\/revisions\/3099"}],"wp:attachment":[{"href":"https:\/\/kingdesign-architecte.com\/index.php?rest_route=%2Fwp%2Fv2%2Fmedia&parent=855"}],"curies":[{"name":"wp","href":"https:\/\/api.w.org\/{rel}","templated":true}]}}